{"id":425,"date":"2024-12-11T16:37:15","date_gmt":"2024-12-11T16:37:15","guid":{"rendered":"https:\/\/mollaymedinilla.com\/nosotros\/"},"modified":"2025-08-22T11:54:27","modified_gmt":"2025-08-22T11:54:27","slug":"nosotros","status":"publish","type":"page","link":"https:\/\/mollaymedinilla.com\/en\/nosotros\/","title":{"rendered":"Nosotros"},"content":{"rendered":"<section class=\"header_about_ecommerce_curvy1_1_1 background-1-dark\" id=\"\" data-block-id=\"69e17348da3e969e17348da3ea\" data-block-name=\"acf\/header-about-ecommerce-curvy1-1-1\" data-post-id=\"425\" data-stable-id=\"block_cda7bf361226e366a273839661641d16\">\r\n    <div class=\"container\">\r\n        <div class=\"row\">\r\n            <div class=\"col col-titulo\">\r\n                                <h1 class=\"tamano1 color-2-headings-light\">Soluciones Legales Personalizadas para tu Tranquilidad<\/h1>\r\n                                                <div class=\"texto tamano-7-mediumcta color-2-body-light\"><p>Confianza y experiencia en cada caso legal<\/p>\n<\/div>\r\n                            <\/div>\r\n            <div class=\"col col-imagen\">\r\n                                <div class=\"imagen\" aria-label=\"\"\r\n                    style=\"background-image:url('https:\/\/mollaymedinilla.com\/wp-content\/uploads\/2024\/12\/Leonardo_Vision_XL_Disea_una_imagen_elegante_para_un_header_de_0.jpg');\">\r\n                                        <\/div>\r\n                <\/div>\r\n            <\/div>\r\n        <\/div>\r\n<\/section>\r\n<style>\r\n    .header_about_ecommerce_curvy1_1_1:after {\r\n        content: \"\";\r\n        background: var(--background-1-light);\r\n        width: 100%;\r\n        bottom: -1px;\r\n        left: 0;\r\n        height: 300px;\r\n        position: absolute;\r\n        z-index: 0;\r\n    }\r\n\r\n    .header_about_ecommerce_curvy1_1_1 .col-imagen .imagen {\r\n        height: 737px;\r\n        background-position: center;\r\n        background-repeat: no-repeat;\r\n        border-radius: 30px;\r\n        background-size: cover;\r\n    }\r\n    \r\n    .header_about_ecommerce_curvy1_1_1 {\r\n        padding-top: 260px;\r\n        position: relative;\r\n        padding-bottom: 40px;\r\n    }\r\n\r\n    .header_about_ecommerce_curvy1_1_1 .texto * {\r\n        padding-bottom: 15px;\r\n    }\r\n\r\n    .header_about_ecommerce_curvy1_1_1 .col-imagen {\r\n        margin-top: 125px;\r\n    }\r\n\r\n    .header_about_ecommerce_curvy1_1_1 .texto *:last-child {\r\n        padding-bottom: 0;\r\n    }\r\n\r\n    .header_about_ecommerce_curvy1_1_1 .container {\r\n        position: relative;\r\n        z-index: 1;\r\n    }\r\n\r\n    .header_about_ecommerce_curvy1_1_1 .col-titulo {\r\n        max-width: 1250px;\r\n        margin: 0 auto;\r\n        text-align: center;\r\n    }\r\n\r\n    .header_about_ecommerce_curvy1_1_1 .btn-round {\r\n        border-radius: 60px;\r\n        \/* background: var(--color-boton-3-normal);*\/\r\n        padding: 12px 25px;\r\n        \/*color: var(--color-boton-3-texto-normal);*\/\r\n        display: inline-block;\r\n        min-width: 175px;\r\n        text-align: center;\r\n        text-decoration: none;\r\n    }\r\n    \r\n    .header_about_ecommerce_curvy1_1_1 h1 {\r\n        padding-bottom: 20px;\r\n        max-width: 1205px;\r\n    }\r\n\r\n    @media (max-width:1350px) {\r\n        .header_about_ecommerce_curvy1_1_1 .col-imagen .imagen {\r\n            height: 620px;\r\n        }\r\n    }\r\n\r\n    @media (max-width:1200px) {\r\n        .header_about_ecommerce_curvy1_1_1 .col-imagen .imagen {\r\n            height: 540px;\r\n        }\r\n\r\n        .header_about_ecommerce_curvy1_1_1 {\r\n            padding-top: 180px;\r\n        }\r\n\r\n        .header_about_ecommerce_curvy1_1_1 .col-imagen {\r\n            margin-top: 100px;\r\n        }\r\n    }\r\n\r\n    @media (max-width:992px) {\r\n        .header_about_ecommerce_curvy1_1_1 .col-imagen .imagen {\r\n            height: 450px;\r\n        }\r\n    }\r\n\r\n    @media (max-width:768px) {\r\n        .header_about_ecommerce_curvy1_1_1 .col-imagen .imagen {\r\n            height: 350px;\r\n        }\r\n\r\n        .header_about_ecommerce_curvy1_1_1:after {\r\n            height: 215px;\r\n        }\r\n\r\n        .header_about_ecommerce_curvy1_1_1 {\r\n            padding-top: 100px;\r\n        }\r\n\r\n        .header_about_ecommerce_curvy1_1_1 h1 {\r\n            padding: 35px 0 25px;\r\n            line-height: var(--tamano5-line-height);\r\n            font-size: var(--tamano4-font-size);\r\n        }\r\n\r\n        .header_about_ecommerce_curvy1_1_1 .texto {\r\n            padding-bottom: 20px;\r\n        }\r\n\r\n        .header_about_ecommerce_curvy1_1_1 .col-imagen {\r\n            margin-top: 30px;\r\n        }\r\n    }\r\n\r\n    @media (max-width:575px) {\r\n        .header_about_ecommerce_curvy1_1_1 .col-imagen .imagen {\r\n            height: 275px;\r\n        }\r\n    }\r\n<\/style>\r\n\n\n<section class=\"about_ecommerce_curvy1_1_2 background-1-dark\" data-block-id=\"69e17348deaf569e17348deaf6\" data-block-name=\"acf\/about-ecommerce-curvy1-1-2\" data-post-id=\"425\" data-stable-id=\"block_a996a79e531bd185c95dcdee343d3e8e\">\r\n    <div class=\"container\">\r\n        <div class=\"row\">\r\n            <div class=\"col col-titulo\">\r\n                                <h2 class=\"titulo tamano3 color-2-headings-light\"><span class=\"ez-toc-section\" id=\"Expertos_en_Consultoria_Legal_Personalizada_y_Efectiva_Medinilla_Lex_Consulting\"><\/span>Expertos en Consultor\u00eda Legal Personalizada y Efectiva | Medinilla Lex Consulting<span class=\"ez-toc-section-end\"><\/span><\/h2>\r\n                            <\/div>\r\n            <div class=\"col col-down\">\r\n                \r\n                    <div class=\"textos\">\r\n                                                    <div class=\"texto color-2-body-light tamano7\"><p>En Medinilla Lex Consulting, fusionamos tradici\u00f3n e innovaci\u00f3n en nuestros servicios legales. Fundado en la c\u00e1lida uni\u00f3n entre padre e hijo, nuestro despacho combina 35 a\u00f1os de experiencia con un compromiso genuino hacia cada cliente. Nos especializamos en asesor\u00eda jur\u00eddica adaptada a las necesidades espec\u00edficas de aquellas personas que buscan una gu\u00eda clara y efectiva en el mundo legal. Conscientes de la importancia de las decisiones informadas, nos esforzamos por ofrecer soluciones que no solo resuelvan problemas, sino que tambi\u00e9n prevengan futuras complicaciones.<\/p>\n<\/div>\r\n                        \r\n                        \r\n                                                    <div class=\"texto color-2-body-light tamano7\"><p>Con sede en un entorno familiar, valoramos la confianza y el trato personalizado. Sabemos que detr\u00e1s de cada consulta hay inquietudes reales, por eso, nuestro enfoque cercano nos permite entender y abordar cada situaci\u00f3n con humanidad y profesionalismo. En Medinilla Lex Consulting, no solo brindamos respuestas legales, sino tambi\u00e9n la tranquilidad de saber que est\u00e1 respaldado por expertos en consultor\u00eda y asesor\u00eda legal. Descubra c\u00f3mo nuestra dedicaci\u00f3n puede marcar la diferencia en su camino hacia la certeza jur\u00eddica. Conf\u00ede en nosotros para proteger lo que m\u00e1s valora.<\/p>\n<\/div>\r\n                                            <\/div>\r\n\r\n                                        <div class=\"vermas tamano7 boton-4-texto-normal\">\r\n                        <span class=\"mas tamano7 boton-4-texto-normal\">Read more<\/span>\r\n                        <span class=\"menos hide tamano7 boton-4-texto-normal\">Read less<\/span>\r\n                        <svg width=\"13\" height=\"8\" viewBox=\"0 0 13 8\" fill=\"none\" xmlns=\"http:\/\/www.w3.org\/2000\/svg\">\r\n                            <path id=\"Vector 14\" d=\"M1 1L6.5 6.5L12 1\" stroke=\"#2B275C\" stroke-width=\"1.5\" \/>\r\n                        <\/svg>\r\n                    <\/div>\r\n                                                    <\/div>\r\n        <\/div>\r\n    <\/div>\r\n<\/section>\r\n<style>\r\n    .about_ecommerce_curvy1_1_2 .vermas svg path {\r\n        stroke: var(--boton-5-texto-normal);\r\n    }\r\n\r\n    .about_ecommerce_curvy1_1_2 .vermas .hide {\r\n        display: none;\r\n    }\r\n\r\n    .about_ecommerce_curvy1_1_2 .vermas.show svg {\r\n        transform: rotate(180deg);\r\n    }\r\n\r\n    .about_ecommerce_curvy1_1_2 .vermas {\r\n        display: none;\r\n        margin-top: 20px;\r\n        align-items: center;\r\n        gap: 10px;\r\n        cursor: pointer;\r\n    }\r\n\r\n    .about_ecommerce_curvy1_1_2 .vermas span {\r\n        font-weight: var(--tamano5-font-weight);\r\n        color: var(--boton-5-texto-normal);\r\n    }\r\n\r\n    .about_ecommerce_curvy1_1_2 .texto > *:not(:last-child){\r\n        padding-bottom: 20px;\r\n    }\r\n\r\n    .about_ecommerce_curvy1_1_2 h2 {\r\n        padding-bottom: 55px;\r\n        max-width: 900px;\r\n    }\r\n\r\n    .about_ecommerce_curvy1_1_2 .textos .texto {\r\n        width: 50%;\r\n    }\r\n\r\n    .about_ecommerce_curvy1_1_2 .textos {\r\n        display: flex;\r\n        gap: 30px;\r\n        max-width: 1205px;\r\n        margin: 0 auto;\r\n    }\r\n\r\n    .about_ecommerce_curvy1_1_2 {\r\n        position: relative;\r\n        background-position: center;\r\n        background-repeat: no-repeat;\r\n        background-size: cover;\r\n        padding: 81px 150px;\r\n        margin-top: -1px;\r\n    }\r\n\r\n    @media (max-width:1550px) {\r\n        .about_ecommerce_curvy1_1_2 {\r\n            padding-left: 50px;\r\n            padding-right: 50px;\r\n        }\r\n\r\n        .about_ecommerce_curvy1_1_2 .textos {\r\n            max-width: 80%;\r\n        }\r\n    }\r\n\r\n    @media (max-width:1200px) {\r\n        .about_ecommerce_curvy1_1_2 {\r\n            padding-left: 0;\r\n            padding-right: 0;\r\n        }\r\n\r\n        .about_ecommerce_curvy1_1_2 .textos {\r\n            max-width: 100%;\r\n        }\r\n    }\r\n\r\n    @media (max-width:992px) {\r\n        .about_ecommerce_curvy1_1_2 .textos {\r\n            flex-direction: column;\r\n            gap: 20px;\r\n        }\r\n\r\n        .about_ecommerce_curvy1_1_2 .textos .texto {\r\n            width: 100%;\r\n        }\r\n\r\n        .about_ecommerce_curvy1_1_2 h2 {\r\n            padding-bottom: 35px;\r\n            line-height: var(--tamano4-line-height);\r\n        }\r\n\r\n        .about_ecommerce_curvy1_1_2 {\r\n            padding: 40px 0;\r\n        }\r\n    }\r\n\r\n    @media (max-width:768px) {\r\n        .about_ecommerce_curvy1_1_2 .textos .texto:first-child p:not(:first-child),\r\n        .about_ecommerce_curvy1_1_2 .textos .texto:nth-child(2) {\r\n            display: none;\r\n        }\r\n\r\n        .about_ecommerce_curvy1_1_2 .textos .texto:first-child.show p:not(:first-child),\r\n        .about_ecommerce_curvy1_1_2 .textos .texto:nth-child(2).show {\r\n            display: block;\r\n        }\r\n\r\n        .about_ecommerce_curvy1_1_2 .vermas {\r\n            display: flex;\r\n            width: max-content;\r\n        }\r\n\r\n        .about_ecommerce_curvy1_1_2 h2 {\r\n            line-height: var(--tamano5-line-height);\r\n        }\r\n    }\r\n<\/style>\r\n<script>\r\n    jQuery('.about_ecommerce_curvy1_1_2 .vermas').on('click', function() {\r\n        if (window.matchMedia(\"(max-width: 768px)\").matches) {\r\n            jQuery('.about_ecommerce_curvy1_1_2 .texto').toggleClass('show');\r\n            jQuery('.about_ecommerce_curvy1_1_2 .vermas').toggleClass('show');\r\n            jQuery('.about_ecommerce_curvy1_1_2 .vermas span').toggleClass('hide');\r\n        }\r\n    });\r\n<\/script>\r\n\n\n<section class=\"about_ecommerce_curvy1_2_2 background-1-dark\" id=\"\" data-block-id=\"69e17348e0dfa69e17348e0dfb\" data-block-name=\"acf\/about-ecommerce-curvy1-2-2\" data-post-id=\"425\" data-stable-id=\"block_667e03093b573b80d867f79f0fbd870c\">\r\n    <div class=\"container\">\r\n        <div class=\"row\">\r\n            <div class=\"col col-imagen\">\r\n                                <img decoding=\"async\" src=\"https:\/\/mollaymedinilla.com\/wp-content\/uploads\/2024\/12\/Leonardo_Vision_XL_Disear_una_imagen_elegante_para_la_seccin_A_0.jpg\" alt=\"\" title=\"Leonardo_Vision_XL_Disear_una_imagen_elegante_para_la_seccin_A_0\">\r\n                            <\/div>\r\n            <div class=\"col col-texto\">\r\n                                                                <h3 class=\"tamano4 color-2-headings-light\">Consultores Legales de Confianza<\/h3>\r\n                                                <div class=\"texto tamano7 color-2-body-light\"><p>Con 35 a\u00f1os de experiencia, en Medinilla Lex Consulting somos un despacho familiar dedicado a brindar asesor\u00eda legal personalizada y profesional.<\/p>\n<\/div>\r\n                                                                <h3 class=\"tamano4 color-2-headings-light\">Consultor\u00eda y Asesor\u00eda Legal<\/h3>\r\n                                                <div class=\"texto tamano7 color-2-body-light\"><p>35 a\u00f1os de experiencia en soluciones legales personalizadas. Medinilla Lex Consulting, su aliado confianza en problemas legales familiares.<\/p>\n<\/div>\r\n                                                                <h3 class=\"tamano4 color-2-headings-light\">Medinilla Lex Consulting<\/h3>\r\n                                                <div class=\"texto tamano7 color-2-body-light\"><p>Expertos en asesor\u00eda legal personalizada. 35 a\u00f1os resolviendo tus problemas con profesionalismo y una atenci\u00f3n cercana. Conf\u00eda en nuestra experiencia familiar.<\/p>\n<\/div>\r\n                                                            <\/div>\r\n        <\/div>\r\n    <\/div>\r\n<\/section>\r\n<style>\r\n    .about_ecommerce_curvy1_2_2 .row .col-texto h3 {\r\n        padding-bottom: 10px;\r\n    }\r\n\r\n    .about_ecommerce_curvy1_2_2 .row .col-texto {\r\n        max-width: 40%;\r\n        width: 100%;\r\n    }\r\n\r\n    .about_ecommerce_curvy1_2_2 .row {\r\n        display: flex;\r\n        flex-direction: row;\r\n        justify-content: space-between;\r\n        align-items: center;\r\n    }\r\n\r\n    .about_ecommerce_curvy1_2_2 .texto *:last-child {\r\n        padding-bottom: 0;\r\n    }\r\n\r\n    .about_ecommerce_curvy1_2_2 .col-imagen {\r\n        max-width: 50%;\r\n        width: 100%;\r\n    }\r\n\r\n    .about_ecommerce_curvy1_2_2 img {\r\n        width: 100%;\r\n        border-radius: 30px;\r\n    }\r\n    \r\n    .about_ecommerce_curvy1_2_2 .texto:not(:last-child) {\r\n        padding-bottom: 50px;\r\n    }\r\n\r\n    .about_ecommerce_curvy1_2_2 .texto * {\r\n        padding-bottom: 20px;\r\n    }\r\n\r\n    .about_ecommerce_curvy1_2_2 {\r\n        padding: 80px 150px;\r\n        position: relative;\r\n    }\r\n\r\n    @media (max-width:1750px) {\r\n        .about_ecommerce_curvy1_2_2 {\r\n            padding-left: 50px;\r\n            padding-right: 50px;\r\n        }\r\n    }\r\n\r\n    @media (max-width:1350px) {\r\n        .about_ecommerce_curvy1_2_2 .row .col-texto {\r\n            max-width: 50%;\r\n        }\r\n\r\n        .about_ecommerce_curvy1_2_2 {\r\n            padding-left: 0;\r\n            padding-right: 0;\r\n        }\r\n    }\r\n\r\n    @media (max-width:992px) {\r\n        .about_ecommerce_curvy1_2_2 .texto {\r\n            padding-bottom: 35px;\r\n        }\r\n\r\n        .about_ecommerce_curvy1_2_2 .row .col-texto,\r\n        .about_ecommerce_curvy1_2_2 .col-imagen {\r\n            max-width: 100%;\r\n        }\r\n\r\n        .about_ecommerce_curvy1_2_2 .row {\r\n            flex-direction: column;\r\n            gap: 35px;\r\n        }\r\n\r\n        .about_ecommerce_curvy1_2_2 .row .col-texto {\r\n            max-width: 100%;\r\n        }\r\n\r\n        .about_ecommerce_curvy1_2_2 {\r\n            padding: 40px 0;\r\n        }\r\n    }\r\n<\/style>\r\n\n\n<section class=\"cta_curvy1_3_1_2 background-1-light\" id=\"\" data-block-id=\"69e17348e556b69e17348e556c\" data-block-name=\"acf\/cta-curvy1-3-1-2\" data-post-id=\"425\" data-stable-id=\"block_5c9b4eb6e37e3055eee3e5ad925b4e9b\">\r\n    <div class=\"container\">\r\n        <div class=\"row\">\r\n            <div class=\"col\">\r\n                <div class=\"inner background-1-dark\">\r\n                                        <div class=\"titulo\">\r\n                        <h2 class=\"tamano3 color-2-headings-light\"><span class=\"ez-toc-section\" id=\"Abogados_de_confianza\"><\/span>Abogados de confianza<span class=\"ez-toc-section-end\"><\/span><\/h2>\r\n                    <\/div>\r\n                                                            <div class=\"texto color-2-body-light tamano7\"><p>En Medinilla Lex Consulting, combinamos experiencia y dedicaci\u00f3n para brindarle asesor\u00eda legal personalizada. Resuelva sus desaf\u00edos legales con nuestro apoyo. Contacte hoy.<\/p>\n<\/div>\r\n                                                                <div class=\"ctas\">\r\n                                                            <a href=\"#\" target=\"\" class=\"btn-round tamano-7-mediumcta color-boton-3-texto-normal color-boton-3-texto-hover color-boton-3-normal color-boton-3-hover\">\r\n    \r\n    <span>Cont\u00e1ctenos<\/span>\r\n<\/a>\r\n\r\n<style>\r\n    .btn-border-rounded {\r\n        border-radius: 12px !important;\r\n    }\r\n\r\n    .btn-border-square {\r\n        border-radius: 0 !important;\r\n    }\r\n\r\n    \/* Estilos de hover *\/\r\n    .btn-hover-hover1:hover {\r\n        filter: contrast(0.55);\r\n    }\r\n\r\n    .btn-hover-hover2:hover {\r\n        filter: sepia(2);\r\n    }\r\n\r\n    \/* Estilos del icono cuando existe *\/\r\n    a i {\r\n        margin-right: 8px;\r\n        font-size: 16px;\r\n    }\r\n\r\n    \/* Icono Lucide *\/\r\n    .btn-icon--lucide {\r\n        display: inline-flex;\r\n        align-items: center;\r\n        justify-content: center;\r\n        margin-right: 8px;\r\n    }\r\n\r\n    .btn-icon--lucide svg {\r\n        width: 16px;\r\n        height: 16px;\r\n        display: block;\r\n    }\r\n<\/style>\r\n                                                    <\/div>\r\n                                    <\/div>\r\n            <\/div>\r\n        <\/div>\r\n    <\/div>\r\n<\/section>\r\n<style>\r\n    .cta_curvy1_3_1_2 .inner {\r\n        display: flex;\r\n        gap: 30px;\r\n        border-radius: 30px;\r\n        align-items: center;\r\n        padding: 55px 150px;\r\n        justify-content: space-between;\r\n    }\r\n\r\n     .cta_curvy1_3_1_2 .titulo {\r\n        max-width: 430px;\r\n        width: 100%;\r\n    }\r\n\r\n    .cta_curvy1_3_1_2 .texto {\r\n        max-width: 660px;\r\n        text-align: left;\r\n        width: 100%;\r\n    }\r\n\r\n    .cta_curvy1_3_1_2 {\r\n        padding: 80px 0;\r\n        position: relative;\r\n    }\r\n\r\n    .cta_curvy1_3_1_2 .btn-round {\r\n        border-radius: 60px;\r\n        padding: 15px 30px;\r\n        display: inline-block;\r\n        text-align: center;\r\n        transition: all ease .3s;\r\n        text-decoration: none;\r\n        min-width: 278px;\r\n        display: flex;\r\n        align-items: center;\r\n        justify-content: center;\r\n    }\r\n\r\n    @media (max-width:1750px) {\r\n        .cta_curvy1_3_1_2 .texto {\r\n            max-width: 500px;\r\n        }\r\n    }\r\n\r\n    @media (max-width:1600px) {\r\n        .cta_curvy1_3_1_2 .inner {\r\n            padding-left: 50px;\r\n            padding-right: 50px;\r\n        }\r\n    }\r\n\r\n    @media (max-width:1400px) {\r\n        .cta_curvy1_3_1_2 .texto {\r\n            max-width: 100%;\r\n        }\r\n\r\n        .cta_curvy1_3_1_2 .titulo {\r\n            width: 100%;\r\n        }\r\n    }\r\n\r\n    @media (max-width:1200px) {\r\n        .cta_curvy1_3_1_2 .inner {\r\n            padding-left: 15px;\r\n            padding-right: 15px;\r\n        }\r\n    }\r\n\r\n    @media (max-width:992px) {\r\n        .cta_curvy1_3_1_2 .col .inner {\r\n            border-radius: 30px;\r\n            flex-direction: column;\r\n            align-items: center;\r\n            justify-content: center;\r\n        }\r\n\r\n         .cta_curvy1_3_1_2 .col .inner>* {\r\n            width: 100%;\r\n            max-width: 100%;\r\n            text-align: left;\r\n        }\r\n\r\n        .cta_curvy1_3_1_2 .inner {\r\n            padding: 33px 23px;\r\n        }\r\n\r\n        .cta_curvy1_3_1_2 .col .ctas {\r\n            display: flex;\r\n            align-items: center;\r\n            justify-content: start;\r\n        }\r\n\r\n        .cta_curvy1_3_1_2 .col {\r\n            flex-direction: column;\r\n            justify-content: center;\r\n            align-items: center;\r\n        }\r\n\r\n        .cta_curvy1_3_1_2 {\r\n            padding: 40px 0;\r\n        }\r\n\r\n        .cta_curvy1_3_1_2 .btn-round {\r\n            min-width: 240px\r\n        }\r\n\r\n        .cta_curvy1_3_1_2 .titulo h2 {\r\n            line-height: var(--tamano5-line-height);\r\n        }\r\n    }\r\n<\/style>\r\n","protected":false},"excerpt":{"rendered":"","protected":false},"author":1,"featured_media":0,"parent":0,"menu_order":0,"comment_status":"open","ping_status":"closed","template":"","meta":{"_acf_changed":false,"iawp_total_views":1,"footnotes":""},"class_list":["post-425","page","type-page","status-publish","hentry"],"acf":[],"yoast_head":"<!-- This site is optimized with the Yoast SEO plugin v27.4 - https:\/\/yoast.com\/product\/yoast-seo-wordpress\/ -->\n<title>Nosotros - Medinilla Lex Consulting<\/title>\n<meta name=\"robots\" content=\"index, follow, max-snippet:-1, max-image-preview:large, max-video-preview:-1\" \/>\n<link rel=\"canonical\" href=\"https:\/\/mollaymedinilla.com\/en\/nosotros\/\" \/>\n<meta property=\"og:locale\" content=\"en_US\" \/>\n<meta property=\"og:type\" content=\"article\" \/>\n<meta property=\"og:title\" content=\"Nosotros - Medinilla Lex Consulting\" \/>\n<meta property=\"og:url\" content=\"https:\/\/mollaymedinilla.com\/en\/nosotros\/\" \/>\n<meta property=\"og:site_name\" content=\"Medinilla Lex Consulting\" \/>\n<meta property=\"article:modified_time\" content=\"2025-08-22T11:54:27+00:00\" \/>\n<meta name=\"twitter:card\" content=\"summary_large_image\" \/>\n<!-- \/ Yoast SEO plugin. -->","yoast_head_json":{"title":"Nosotros - Medinilla Lex Consulting","robots":{"index":"index","follow":"follow","max-snippet":"max-snippet:-1","max-image-preview":"max-image-preview:large","max-video-preview":"max-video-preview:-1"},"canonical":"https:\/\/mollaymedinilla.com\/en\/nosotros\/","og_locale":"en_US","og_type":"article","og_title":"Nosotros - Medinilla Lex Consulting","og_url":"https:\/\/mollaymedinilla.com\/en\/nosotros\/","og_site_name":"Medinilla Lex Consulting","article_modified_time":"2025-08-22T11:54:27+00:00","twitter_card":"summary_large_image","schema":{"@context":"https:\/\/schema.org","@graph":[{"@type":"WebPage","@id":"https:\/\/mollaymedinilla.com\/en\/nosotros\/","url":"https:\/\/mollaymedinilla.com\/en\/nosotros\/","name":"Nosotros - Medinilla Lex Consulting","isPartOf":{"@id":"https:\/\/mollaymedinilla.com\/en\/#website"},"datePublished":"2024-12-11T16:37:15+00:00","dateModified":"2025-08-22T11:54:27+00:00","breadcrumb":{"@id":"https:\/\/mollaymedinilla.com\/en\/nosotros\/#breadcrumb"},"inLanguage":"en-US","potentialAction":[{"@type":"ReadAction","target":["https:\/\/mollaymedinilla.com\/en\/nosotros\/"]}]},{"@type":"BreadcrumbList","@id":"https:\/\/mollaymedinilla.com\/en\/nosotros\/#breadcrumb","itemListElement":[{"@type":"ListItem","position":1,"name":"Portada","item":"https:\/\/mollaymedinilla.com\/en\/"},{"@type":"ListItem","position":2,"name":"Nosotros"}]},{"@type":"WebSite","@id":"https:\/\/mollaymedinilla.com\/en\/#website","url":"https:\/\/mollaymedinilla.com\/en\/","name":"Medinilla Lex Consulting","description":"","publisher":{"@id":"https:\/\/mollaymedinilla.com\/en\/#organization"},"potentialAction":[{"@type":"SearchAction","target":{"@type":"EntryPoint","urlTemplate":"https:\/\/mollaymedinilla.com\/en\/?s={search_term_string}"},"query-input":{"@type":"PropertyValueSpecification","valueRequired":true,"valueName":"search_term_string"}}],"inLanguage":"en-US"},{"@type":"Organization","@id":"https:\/\/mollaymedinilla.com\/en\/#organization","name":"Medinilla Lex Consulting","url":"https:\/\/mollaymedinilla.com\/en\/","logo":{"@type":"ImageObject","inLanguage":"en-US","@id":"https:\/\/mollaymedinilla.com\/en\/#\/schema\/logo\/image\/","url":"https:\/\/mollaymedinilla.com\/wp-content\/uploads\/2024\/12\/6759a60681422_LOGO.png","contentUrl":"https:\/\/mollaymedinilla.com\/wp-content\/uploads\/2024\/12\/6759a60681422_LOGO.png","width":884,"height":883,"caption":"Medinilla Lex Consulting"},"image":{"@id":"https:\/\/mollaymedinilla.com\/en\/#\/schema\/logo\/image\/"}}]}},"_links":{"self":[{"href":"https:\/\/mollaymedinilla.com\/en\/wp-json\/wp\/v2\/pages\/425","targetHints":{"allow":["GET"]}}],"collection":[{"href":"https:\/\/mollaymedinilla.com\/en\/wp-json\/wp\/v2\/pages"}],"about":[{"href":"https:\/\/mollaymedinilla.com\/en\/wp-json\/wp\/v2\/types\/page"}],"author":[{"embeddable":true,"href":"https:\/\/mollaymedinilla.com\/en\/wp-json\/wp\/v2\/users\/1"}],"replies":[{"embeddable":true,"href":"https:\/\/mollaymedinilla.com\/en\/wp-json\/wp\/v2\/comments?post=425"}],"version-history":[{"count":2,"href":"https:\/\/mollaymedinilla.com\/en\/wp-json\/wp\/v2\/pages\/425\/revisions"}],"predecessor-version":[{"id":847,"href":"https:\/\/mollaymedinilla.com\/en\/wp-json\/wp\/v2\/pages\/425\/revisions\/847"}],"wp:attachment":[{"href":"https:\/\/mollaymedinilla.com\/en\/wp-json\/wp\/v2\/media?parent=425"}],"curies":[{"name":"wp","href":"https:\/\/api.w.org\/{rel}","templated":true}]}}